{"id":5891,"date":"2022-05-31T14:36:05","date_gmt":"2022-05-31T12:36:05","guid":{"rendered":"https:\/\/www.namibiaexperience.com\/places-to-visit\/sossusvlei-copy\/"},"modified":"2026-02-16T09:04:57","modified_gmt":"2026-02-16T07:04:57","slug":"swakopmund","status":"publish","type":"page","link":"https:\/\/www.namibiaexperience.com\/de\/places-to-visit\/swakopmund\/","title":{"rendered":"Swakopmund"},"content":{"rendered":"<p>Namibias Abenteuerhauptstadt am Atlantischen Ozean. Wenn du sowohl unterhaltsame als auch lehrreiche Aktivit\u00e4ten in deine Reise integrieren m\u00f6chtest, ist dies einer der besten Orte in Namibia. <\/p>\n\n\n\n<p>Auf Kajakfahrten und Katamarantouren kannst du die Wellen und Tierwelt des Atlantischen Ozeans erleben; auf den ber\u00fchmten Living Desert Tours erlebst du die Little Five der Namib W\u00fcste, und auf Touren mit dem Fatbike oder Quad kannst du die W\u00fcste aktiver erkunden. <\/p>\n\n\n\n<p>Swakopmund selbst ist eine malerische K\u00fcstenstadt, in der du in einem der vielen Restaurants Kaffee und Kuchen sowie Meeresfr\u00fcchte genie\u00dfen und am \u201eJetty\u201c Steg oder Strand spazieren gehen kannst. <\/p>\n\n\n\n<p>Die \u00dcberreste der deutschen Kolonialarchitektur erinnern an vergangene Zeiten.<\/p>","protected":false},"excerpt":{"rendered":"<p>Namibia\u2019s adventure capital by the Atlantic Ocean. If you\u2019re looking to integrate entertaining and educational activities into your itinerary, this is one of the best places to visit in Namibia. On kayak trips and catamaran tours, you can experience the waves and wildlife of the Atlantic Ocean; the famous Living Desert Tours will show you [&hellip;]<\/p>\n","protected":false},"author":5,"featured_media":5894,"parent":35,"menu_order":86,"comment_status":"closed","ping_status":"closed","template":"page-templates\/where-to-go-single-page.php","meta":{"_acf_changed":false,"footnotes":""},"class_list":["post-5891","page","type-page","status-publish","has-post-thumbnail","hentry"],"acf":[],"_links":{"self":[{"href":"https:\/\/www.namibiaexperience.com\/de\/wp-json\/wp\/v2\/pages\/5891","targetHints":{"allow":["GET"]}}],"collection":[{"href":"https:\/\/www.namibiaexperience.com\/de\/wp-json\/wp\/v2\/pages"}],"about":[{"href":"https:\/\/www.namibiaexperience.com\/de\/wp-json\/wp\/v2\/types\/page"}],"author":[{"embeddable":true,"href":"https:\/\/www.namibiaexperience.com\/de\/wp-json\/wp\/v2\/users\/5"}],"replies":[{"embeddable":true,"href":"https:\/\/www.namibiaexperience.com\/de\/wp-json\/wp\/v2\/comments?post=5891"}],"version-history":[{"count":28,"href":"https:\/\/www.namibiaexperience.com\/de\/wp-json\/wp\/v2\/pages\/5891\/revisions"}],"predecessor-version":[{"id":13011,"href":"https:\/\/www.namibiaexperience.com\/de\/wp-json\/wp\/v2\/pages\/5891\/revisions\/13011"}],"up":[{"embeddable":true,"href":"https:\/\/www.namibiaexperience.com\/de\/wp-json\/wp\/v2\/pages\/35"}],"wp:featuredmedia":[{"embeddable":true,"href":"https:\/\/www.namibiaexperience.com\/de\/wp-json\/wp\/v2\/media\/5894"}],"wp:attachment":[{"href":"https:\/\/www.namibiaexperience.com\/de\/wp-json\/wp\/v2\/media?parent=5891"}],"curies":[{"name":"wp","href":"https:\/\/api.w.org\/{rel}","templated":true}]}}