{"id":5863,"date":"2022-05-31T13:50:26","date_gmt":"2022-05-31T11:50:26","guid":{"rendered":"https:\/\/www.namibiaexperience.com\/places-to-visit\/luderitz-copy\/"},"modified":"2026-02-16T09:09:57","modified_gmt":"2026-02-16T07:09:57","slug":"sossusvlei","status":"publish","type":"page","link":"https:\/\/www.namibiaexperience.com\/de\/places-to-visit\/sossusvlei\/","title":{"rendered":"Sossusvlei"},"content":{"rendered":"<p>Ohne Zweifel ist die Sossusvlei Region im Namib-Naukluft Nationalpark einer der meistbesuchten Orte in Namibia und wohl seine ber\u00fchmteste Sehensw\u00fcrdigkeit. <\/p>\n\n\n\n<p>Hier findest du das bekannte und vielfotografierte Deadvlei sowie die Big Daddy D\u00fcne, Dune 45 und den Sesriem Canyon. <\/p>\n\n\n\n<p>Die Morgensonne \u00fcber der Namib W\u00fcste aufgehen zu sehen, ist wirklich ein besonderes Erlebnis, w\u00e4hrend das Herunterrennen einer der h\u00f6chsten D\u00fcnen der Namib eine willkommene Abwechslung vom langen Sitzen im Auto ist. Bei Ballonsafaris kann man die Gegend aus der Luft erleben. <\/p>\n\n\n\n<p>Trotz seiner Beliebtheit wird es sich nur selten \u00fcberf\u00fcllt anf\u00fchlen, weil es hier einfach so viel Platz gibt!<\/p>","protected":false},"excerpt":{"rendered":"<p>Without a doubt, the Sossusvlei region in the Namib-Naukluft National Park is one of the most visited places in Namibia and arguably its most famous tourist attraction. Here, you will find the iconic and often photographed Deadvlei as well as the Big Daddy Dune, Dune 45 and the Sesriem Canyon. Seeing the morning sunrise across [&hellip;]<\/p>\n","protected":false},"author":5,"featured_media":5874,"parent":35,"menu_order":87,"comment_status":"closed","ping_status":"closed","template":"page-templates\/where-to-go-single-page.php","meta":{"_acf_changed":false,"footnotes":""},"class_list":["post-5863","page","type-page","status-publish","has-post-thumbnail","hentry"],"acf":[],"_links":{"self":[{"href":"https:\/\/www.namibiaexperience.com\/de\/wp-json\/wp\/v2\/pages\/5863","targetHints":{"allow":["GET"]}}],"collection":[{"href":"https:\/\/www.namibiaexperience.com\/de\/wp-json\/wp\/v2\/pages"}],"about":[{"href":"https:\/\/www.namibiaexperience.com\/de\/wp-json\/wp\/v2\/types\/page"}],"author":[{"embeddable":true,"href":"https:\/\/www.namibiaexperience.com\/de\/wp-json\/wp\/v2\/users\/5"}],"replies":[{"embeddable":true,"href":"https:\/\/www.namibiaexperience.com\/de\/wp-json\/wp\/v2\/comments?post=5863"}],"version-history":[{"count":36,"href":"https:\/\/www.namibiaexperience.com\/de\/wp-json\/wp\/v2\/pages\/5863\/revisions"}],"predecessor-version":[{"id":13012,"href":"https:\/\/www.namibiaexperience.com\/de\/wp-json\/wp\/v2\/pages\/5863\/revisions\/13012"}],"up":[{"embeddable":true,"href":"https:\/\/www.namibiaexperience.com\/de\/wp-json\/wp\/v2\/pages\/35"}],"wp:featuredmedia":[{"embeddable":true,"href":"https:\/\/www.namibiaexperience.com\/de\/wp-json\/wp\/v2\/media\/5874"}],"wp:attachment":[{"href":"https:\/\/www.namibiaexperience.com\/de\/wp-json\/wp\/v2\/media?parent=5863"}],"curies":[{"name":"wp","href":"https:\/\/api.w.org\/{rel}","templated":true}]}}