{"id":5840,"date":"2022-05-31T13:26:57","date_gmt":"2022-05-31T11:26:57","guid":{"rendered":"https:\/\/www.namibiaexperience.com\/places-to-visit\/kaokoland-copy\/"},"modified":"2025-01-15T16:25:25","modified_gmt":"2025-01-15T14:25:25","slug":"luederitz","status":"publish","type":"page","link":"https:\/\/www.namibiaexperience.com\/de\/places-to-visit\/luderitz\/","title":{"rendered":"L\u00fcderitz"},"content":{"rendered":"<p>Eine abgelegene K\u00fcstenstadt, die in der Zeit eingefroren zu sein scheint \u2013 L\u00fcderitz wird einer der sehr speziellen Orte sein, die du in Namibia besuchst. <\/p>\n\n\n\n<p>W\u00e4hrend der Kolonialzeit von den Deutschen erbaut, kann man in vielen Geb\u00e4uden noch die typische Architektur dieser Zeit erkennen; die bekannte Felsenkirche ist eine davon. <\/p>\n\n\n\n<p>One of Luderitz&#8217;s attractions is the nearby ghost town Kolmanskop, an abandoned diamond settlement now being claimed back by the desert sand. Also of interest are the wild horses of Garub, near Aus, whose exact origin remains a mystery until today.<\/p>\n\n\n\n<p>Wenn du dich f\u00fcr vergangene Zeiten interessierst und das Sch\u00f6ne im Skurrilen findest, sind L\u00fcderitz und Umgebung genau die richtige Sehensw\u00fcrdigkeit in Namibia f\u00fcr dich.<\/p>","protected":false},"excerpt":{"rendered":"<p>A remote coastal town that seems frozen in time \u2013 Luderitz will be one of the peculiar places you visit in Namibia. Built by the Germans during colonial times, you can still see the typical architecture of that time in many buildings; the well-known Felsenkirche being one of them. One of Luderitz&#8217;s attractions is the [&hellip;]<\/p>\n","protected":false},"author":5,"featured_media":5844,"parent":35,"menu_order":88,"comment_status":"closed","ping_status":"closed","template":"page-templates\/where-to-go-single-page.php","meta":{"_acf_changed":false,"footnotes":""},"class_list":["post-5840","page","type-page","status-publish","has-post-thumbnail","hentry"],"acf":[],"_links":{"self":[{"href":"https:\/\/www.namibiaexperience.com\/de\/wp-json\/wp\/v2\/pages\/5840","targetHints":{"allow":["GET"]}}],"collection":[{"href":"https:\/\/www.namibiaexperience.com\/de\/wp-json\/wp\/v2\/pages"}],"about":[{"href":"https:\/\/www.namibiaexperience.com\/de\/wp-json\/wp\/v2\/types\/page"}],"author":[{"embeddable":true,"href":"https:\/\/www.namibiaexperience.com\/de\/wp-json\/wp\/v2\/users\/5"}],"replies":[{"embeddable":true,"href":"https:\/\/www.namibiaexperience.com\/de\/wp-json\/wp\/v2\/comments?post=5840"}],"version-history":[{"count":34,"href":"https:\/\/www.namibiaexperience.com\/de\/wp-json\/wp\/v2\/pages\/5840\/revisions"}],"predecessor-version":[{"id":11533,"href":"https:\/\/www.namibiaexperience.com\/de\/wp-json\/wp\/v2\/pages\/5840\/revisions\/11533"}],"up":[{"embeddable":true,"href":"https:\/\/www.namibiaexperience.com\/de\/wp-json\/wp\/v2\/pages\/35"}],"wp:featuredmedia":[{"embeddable":true,"href":"https:\/\/www.namibiaexperience.com\/de\/wp-json\/wp\/v2\/media\/5844"}],"wp:attachment":[{"href":"https:\/\/www.namibiaexperience.com\/de\/wp-json\/wp\/v2\/media?parent=5840"}],"curies":[{"name":"wp","href":"https:\/\/api.w.org\/{rel}","templated":true}]}}