{"id":5693,"date":"2022-05-31T09:14:47","date_gmt":"2022-05-31T07:14:47","guid":{"rendered":"https:\/\/www.namibiaexperience.com\/places-to-visit\/caprivi-strip-copy\/"},"modified":"2026-02-16T09:00:32","modified_gmt":"2026-02-16T07:00:32","slug":"damaraland","status":"publish","type":"page","link":"https:\/\/www.namibiaexperience.com\/de\/places-to-visit\/damaraland\/","title":{"rendered":"Damaraland"},"content":{"rendered":"<p>Das Damaraland in Namibias nordwestlicher Kunene Region ist vor allem f\u00fcr seine atemberaubenden Landschaften, geologischen Felsformationen und kulturellen St\u00e4tten bekannt. <\/p>\n\n\n\n<p>Spitzkoppe, Erongo Gebirge und Vingerklip sind einige der landschaftlichen H\u00f6hepunkte der Gegend, w\u00e4hrend Brandberg und Twyfelfontein vor allem f\u00fcr ihre beeindruckende Sammlung antiker und gut erhaltener Felsmalereien bekannt sind. <\/p>\n\n\n\n<p>Das Damaraland ist auch als Ort bekannt, an dem man W\u00fcstenelefanten und die in der W\u00fcste lebenden Spitzmaulnash\u00f6rner sehen kann. <\/p>\n\n\n\n<p>Im Living Museum der Damara kannst du dir ein Bild vom Leben der einheimischen Damara machen. <\/p>\n\n\n\n<p>Dank seiner Beliebtheit bei Reisenden gibt es im Damaraland eine sehr gute Auswahl an Unterk\u00fcnften, egal ob du Lodges, Tented Camps oder G\u00e4stefarmen bevorzugst. Das Damaraland ist eine abwechslungsreiche Region und eine beliebte Sehensw\u00fcrdigkeit in Namibia.<\/p>","protected":false},"excerpt":{"rendered":"<p>The Damaraland in Namibia\u2019s north-western Kunene Region is best known for its stunning landscapes, geological rock formations, and cultural sites. Spitzkoppe, Erongo Mountains, and Vingerklip are some of the scenic highlights of the area, while Brandberg and Twyfelfontein are best known for their impressive collection of ancient and well-preserved rock art paintings. Damaraland is also [&hellip;]<\/p>\n","protected":false},"author":5,"featured_media":5696,"parent":35,"menu_order":93,"comment_status":"closed","ping_status":"closed","template":"page-templates\/where-to-go-single-page.php","meta":{"_acf_changed":false,"footnotes":""},"class_list":["post-5693","page","type-page","status-publish","has-post-thumbnail","hentry"],"acf":[],"_links":{"self":[{"href":"https:\/\/www.namibiaexperience.com\/de\/wp-json\/wp\/v2\/pages\/5693","targetHints":{"allow":["GET"]}}],"collection":[{"href":"https:\/\/www.namibiaexperience.com\/de\/wp-json\/wp\/v2\/pages"}],"about":[{"href":"https:\/\/www.namibiaexperience.com\/de\/wp-json\/wp\/v2\/types\/page"}],"author":[{"embeddable":true,"href":"https:\/\/www.namibiaexperience.com\/de\/wp-json\/wp\/v2\/users\/5"}],"replies":[{"embeddable":true,"href":"https:\/\/www.namibiaexperience.com\/de\/wp-json\/wp\/v2\/comments?post=5693"}],"version-history":[{"count":40,"href":"https:\/\/www.namibiaexperience.com\/de\/wp-json\/wp\/v2\/pages\/5693\/revisions"}],"predecessor-version":[{"id":13006,"href":"https:\/\/www.namibiaexperience.com\/de\/wp-json\/wp\/v2\/pages\/5693\/revisions\/13006"}],"up":[{"embeddable":true,"href":"https:\/\/www.namibiaexperience.com\/de\/wp-json\/wp\/v2\/pages\/35"}],"wp:featuredmedia":[{"embeddable":true,"href":"https:\/\/www.namibiaexperience.com\/de\/wp-json\/wp\/v2\/media\/5696"}],"wp:attachment":[{"href":"https:\/\/www.namibiaexperience.com\/de\/wp-json\/wp\/v2\/media?parent=5693"}],"curies":[{"name":"wp","href":"https:\/\/api.w.org\/{rel}","templated":true}]}}