{"id":5532,"date":"2022-05-17T11:06:53","date_gmt":"2022-05-17T09:06:53","guid":{"rendered":"https:\/\/www.namibiaexperience.com\/tours\/lodge-copy\/"},"modified":"2025-10-08T13:54:59","modified_gmt":"2025-10-08T11:54:59","slug":"camping","status":"publish","type":"page","link":"https:\/\/www.namibiaexperience.com\/de\/tours\/camping-holidays\/","title":{"rendered":"Camping Reisen"},"content":{"rendered":"<p>Die im Herzen Junggebliebenen erleben den Busch hautnah und \u00fcbernachten bei einer gef\u00fchrten Camping Reise mitten im Geschehen. Nach einem aufregenden Tag unterwegs l\u00e4sst du gemeinsam mit deinem Guide den Abend am Lagerfeuer unter dem atemberaubenden Sternenhimmel ausklingen und schl\u00e4fst in deinem gem\u00fctlichen Kuppelzelt. Namibias wilde Natur erwartet dich!<\/p>","protected":false},"excerpt":{"rendered":"<p>For the wilder at heart, enjoy the bush from a more unadulterated and intimate perspective and sleep in the thick of the action, open to the elements on a guided camping tour. After exciting days travelling Namibia together with your guide, you end the evening around the campfire under the starry night sky and sleep [&hellip;]<\/p>\n","protected":false},"author":5,"featured_media":5536,"parent":32,"menu_order":61,"comment_status":"closed","ping_status":"closed","template":"page-templates\/safari-single-page.php","meta":{"_acf_changed":false,"footnotes":""},"class_list":["post-5532","page","type-page","status-publish","has-post-thumbnail","hentry"],"acf":[],"_links":{"self":[{"href":"https:\/\/www.namibiaexperience.com\/de\/wp-json\/wp\/v2\/pages\/5532","targetHints":{"allow":["GET"]}}],"collection":[{"href":"https:\/\/www.namibiaexperience.com\/de\/wp-json\/wp\/v2\/pages"}],"about":[{"href":"https:\/\/www.namibiaexperience.com\/de\/wp-json\/wp\/v2\/types\/page"}],"author":[{"embeddable":true,"href":"https:\/\/www.namibiaexperience.com\/de\/wp-json\/wp\/v2\/users\/5"}],"replies":[{"embeddable":true,"href":"https:\/\/www.namibiaexperience.com\/de\/wp-json\/wp\/v2\/comments?post=5532"}],"version-history":[{"count":27,"href":"https:\/\/www.namibiaexperience.com\/de\/wp-json\/wp\/v2\/pages\/5532\/revisions"}],"predecessor-version":[{"id":12360,"href":"https:\/\/www.namibiaexperience.com\/de\/wp-json\/wp\/v2\/pages\/5532\/revisions\/12360"}],"up":[{"embeddable":true,"href":"https:\/\/www.namibiaexperience.com\/de\/wp-json\/wp\/v2\/pages\/32"}],"wp:featuredmedia":[{"embeddable":true,"href":"https:\/\/www.namibiaexperience.com\/de\/wp-json\/wp\/v2\/media\/5536"}],"wp:attachment":[{"href":"https:\/\/www.namibiaexperience.com\/de\/wp-json\/wp\/v2\/media?parent=5532"}],"curies":[{"name":"wp","href":"https:\/\/api.w.org\/{rel}","templated":true}]}}