{"id":5442,"date":"2022-05-13T14:37:02","date_gmt":"2022-05-13T12:37:02","guid":{"rendered":"https:\/\/www.namibiaexperience.com\/what-to-do-in-namibia\/private-tours-copy\/"},"modified":"2026-03-24T12:46:57","modified_gmt":"2026-03-24T10:46:57","slug":"kleingruppen","status":"publish","type":"page","link":"https:\/\/www.namibiaexperience.com\/de\/what-to-do-in-namibia\/small-group-tours\/","title":{"rendered":"Kleingruppenreisen"},"content":{"rendered":"<p>Auf einer Gruppenreise erlebst du Namibia mit Gleichgesinnten  und das zu einem etwas g\u00fcnstigeren Preis.<\/p>\n\n\n\n<p>Wir halten die Gruppengr\u00f6\u00dfe bewusst klein, damit du nicht einfach nur eine Nummer bist, sondern als Individuum wahrgenommen wirst. So k\u00f6nnen sich unsere erfahrenen Guides pers\u00f6nlich auf dich einstellen. Je nach Gruppengr\u00f6\u00dfe reist du in einem von drei speziell angepassten Fahrzeugtypen, die auf Komfort ausgelegt sind.<\/p>\n\n\n\n<p>W\u00e4hle aus einer Vielzahl an Touren, die das ganze Jahr \u00fcber stattfinden, und entdecke einige der beeindruckendsten Orte Namibias. Wenn du gerne wanderst, k\u00f6nnte eine Trekkingtour genau das Richtige f\u00fcr dich sein.<\/p>\n\n\n\n<p>Gruppenreisen sind ideal f\u00fcr junge Paare, Solo-Reisende und alle, die ihre Erlebnisse gerne mit anderen teilen. Erkunde Namibia mit uns und genie\u00dfe unvergessliche Momente!<\/p>","protected":false},"excerpt":{"rendered":"<p>On a group tour, experience Namibia with like-minded individuals at a slightly lower price. We limit the number of participants so that you are a name, not a number, allowing our expert guides to know you as individuals. Depending on your group\u2019s size, you will travel in one of three types of vehicles, all adapted [&hellip;]<\/p>\n","protected":false},"author":5,"featured_media":6051,"parent":36,"menu_order":36,"comment_status":"closed","ping_status":"closed","template":"page-templates\/what-to-do-single-page.php","meta":{"_acf_changed":false,"footnotes":""},"class_list":["post-5442","page","type-page","status-publish","has-post-thumbnail","hentry"],"acf":[],"_links":{"self":[{"href":"https:\/\/www.namibiaexperience.com\/de\/wp-json\/wp\/v2\/pages\/5442","targetHints":{"allow":["GET"]}}],"collection":[{"href":"https:\/\/www.namibiaexperience.com\/de\/wp-json\/wp\/v2\/pages"}],"about":[{"href":"https:\/\/www.namibiaexperience.com\/de\/wp-json\/wp\/v2\/types\/page"}],"author":[{"embeddable":true,"href":"https:\/\/www.namibiaexperience.com\/de\/wp-json\/wp\/v2\/users\/5"}],"replies":[{"embeddable":true,"href":"https:\/\/www.namibiaexperience.com\/de\/wp-json\/wp\/v2\/comments?post=5442"}],"version-history":[{"count":34,"href":"https:\/\/www.namibiaexperience.com\/de\/wp-json\/wp\/v2\/pages\/5442\/revisions"}],"predecessor-version":[{"id":13075,"href":"https:\/\/www.namibiaexperience.com\/de\/wp-json\/wp\/v2\/pages\/5442\/revisions\/13075"}],"up":[{"embeddable":true,"href":"https:\/\/www.namibiaexperience.com\/de\/wp-json\/wp\/v2\/pages\/36"}],"wp:featuredmedia":[{"embeddable":true,"href":"https:\/\/www.namibiaexperience.com\/de\/wp-json\/wp\/v2\/media\/6051"}],"wp:attachment":[{"href":"https:\/\/www.namibiaexperience.com\/de\/wp-json\/wp\/v2\/media?parent=5442"}],"curies":[{"name":"wp","href":"https:\/\/api.w.org\/{rel}","templated":true}]}}