{"id":5270,"date":"2022-03-10T17:07:16","date_gmt":"2022-03-10T15:07:16","guid":{"rendered":"https:\/\/www.namibiaexperience.com\/self-drive-holidays-copy\/"},"modified":"2024-11-07T14:30:57","modified_gmt":"2024-11-07T12:30:57","slug":"namibia-wandern","status":"publish","type":"page","link":"https:\/\/www.namibiaexperience.com\/de\/namibia-hiking-trips\/","title":{"rendered":"Wanderungen"},"content":{"rendered":"<p>Wanderungen sind vielleicht eine eher unerwartete Aktivit\u00e4t f\u00fcr einen Namibia Urlaub \u2013 aber das Land hat mehr zu bieten als hei\u00dfe und staubige W\u00fcstenpfade. Hier gibt es malerische Wanderwege, die \u00fcber sanfte H\u00fcgel, idyllisches Weideland und \u00fcber steile Schluchten hinauf zu Aussichtspunkten f\u00fchren, wo dir das Panorama den Atem raubt. <\/p>\n\n\n\n<p>Du kannst deine Reise um k\u00fcrzere Wanderungen und Tageswanderungen erweitern oder mehrt\u00e4gige Wanderungen unternehmen und mitten in der Natur campen. Bei manchen Wanderungen wirst du von einem erfahrenen Guide begleitet, bei anderen kannst du auch allein wandern. <\/p>\n\n\n\n<p>Wande rausfl\u00fcge sind eine der Namibia Aktivit\u00e4ten, die wir nicht genug empfehlen k\u00f6nnen!<\/p>","protected":false},"excerpt":{"rendered":"<p>Hiking trips may be a surprising activity on the list of things to do in Namibia \u2013 but there is more to Namibia than hot and dusty desert trails. You will find picturesque hiking trails leading across gentle hills and idyllic farmland, down a steep canyon, and up to viewing points where the panorama will [&hellip;]<\/p>\n","protected":false},"author":1,"featured_media":5497,"parent":0,"menu_order":42,"comment_status":"closed","ping_status":"closed","template":"page-templates\/safari-page.php","meta":{"_acf_changed":false,"footnotes":""},"class_list":["post-5270","page","type-page","status-publish","has-post-thumbnail","hentry"],"acf":[],"_links":{"self":[{"href":"https:\/\/www.namibiaexperience.com\/de\/wp-json\/wp\/v2\/pages\/5270","targetHints":{"allow":["GET"]}}],"collection":[{"href":"https:\/\/www.namibiaexperience.com\/de\/wp-json\/wp\/v2\/pages"}],"about":[{"href":"https:\/\/www.namibiaexperience.com\/de\/wp-json\/wp\/v2\/types\/page"}],"author":[{"embeddable":true,"href":"https:\/\/www.namibiaexperience.com\/de\/wp-json\/wp\/v2\/users\/1"}],"replies":[{"embeddable":true,"href":"https:\/\/www.namibiaexperience.com\/de\/wp-json\/wp\/v2\/comments?post=5270"}],"version-history":[{"count":30,"href":"https:\/\/www.namibiaexperience.com\/de\/wp-json\/wp\/v2\/pages\/5270\/revisions"}],"predecessor-version":[{"id":11255,"href":"https:\/\/www.namibiaexperience.com\/de\/wp-json\/wp\/v2\/pages\/5270\/revisions\/11255"}],"wp:featuredmedia":[{"embeddable":true,"href":"https:\/\/www.namibiaexperience.com\/de\/wp-json\/wp\/v2\/media\/5497"}],"wp:attachment":[{"href":"https:\/\/www.namibiaexperience.com\/de\/wp-json\/wp\/v2\/media?parent=5270"}],"curies":[{"name":"wp","href":"https:\/\/api.w.org\/{rel}","templated":true}]}}