{"id":2213,"date":"2021-09-10T17:06:03","date_gmt":"2021-09-10T15:06:03","guid":{"rendered":"https:\/\/www.namibiaexperience.com\/what-to-do\/honeymoon-safari-copy\/"},"modified":"2024-11-08T13:13:19","modified_gmt":"2024-11-08T11:13:19","slug":"wuestentour","status":"publish","type":"page","link":"https:\/\/www.namibiaexperience.com\/de\/what-to-do-in-namibia\/desert-tours\/","title":{"rendered":"W\u00fcstentouren"},"content":{"rendered":"<p>In den hoch aufragenden D\u00fcnen des Sossusvlei Gebiets sowie in Namibias W\u00fcste rund um Swakopmund kannst du sowohl abenteuerliche und auch entspannende Aktivit\u00e4ten erleben. <\/p>\n\n\n\n<p>Im Sossusvlei Gebiet der Namib W\u00fcste erlebst du das bekannte Deadvlei sowie den Sesriem Canyon. Den Sonnenaufgang von der D\u00fcne 45 aus zu beobachten und danach die steilen Sandh\u00e4nge von der Big Daddy D\u00fcne hinunterzulaufen, ist ein Erlebnis, das man so schnell nicht vergisst. <\/p>\n\n\n\n<p>Rund um Swakopmund kannst du die W\u00fcste auf Quads und Fatbike-Touren erleben, die Little Five auf einer Living Desert Tour treffen und die D\u00fcnen bei einem Rundflug von oben sehen.<\/p>","protected":false},"excerpt":{"rendered":"<p>The towering sand dunes of the Sossusvlei area and the adventure activities in Namibia\u2019s desert around Swakopmund make for serene as well as exciting activities to do in Namibia. In the Sossusvlei area of the Namib Desert, you see the iconic Deadvlei as well as the Sesriem Canyon. Watching the sunrise from Dune 45 and [&hellip;]<\/p>\n","protected":false},"author":1,"featured_media":5306,"parent":36,"menu_order":35,"comment_status":"closed","ping_status":"closed","template":"page-templates\/what-to-do-single-page.php","meta":{"_acf_changed":false,"footnotes":""},"class_list":["post-2213","page","type-page","status-publish","has-post-thumbnail","hentry"],"acf":[],"_links":{"self":[{"href":"https:\/\/www.namibiaexperience.com\/de\/wp-json\/wp\/v2\/pages\/2213","targetHints":{"allow":["GET"]}}],"collection":[{"href":"https:\/\/www.namibiaexperience.com\/de\/wp-json\/wp\/v2\/pages"}],"about":[{"href":"https:\/\/www.namibiaexperience.com\/de\/wp-json\/wp\/v2\/types\/page"}],"author":[{"embeddable":true,"href":"https:\/\/www.namibiaexperience.com\/de\/wp-json\/wp\/v2\/users\/1"}],"replies":[{"embeddable":true,"href":"https:\/\/www.namibiaexperience.com\/de\/wp-json\/wp\/v2\/comments?post=2213"}],"version-history":[{"count":58,"href":"https:\/\/www.namibiaexperience.com\/de\/wp-json\/wp\/v2\/pages\/2213\/revisions"}],"predecessor-version":[{"id":11283,"href":"https:\/\/www.namibiaexperience.com\/de\/wp-json\/wp\/v2\/pages\/2213\/revisions\/11283"}],"up":[{"embeddable":true,"href":"https:\/\/www.namibiaexperience.com\/de\/wp-json\/wp\/v2\/pages\/36"}],"wp:featuredmedia":[{"embeddable":true,"href":"https:\/\/www.namibiaexperience.com\/de\/wp-json\/wp\/v2\/media\/5306"}],"wp:attachment":[{"href":"https:\/\/www.namibiaexperience.com\/de\/wp-json\/wp\/v2\/media?parent=2213"}],"curies":[{"name":"wp","href":"https:\/\/api.w.org\/{rel}","templated":true}]}}