{"id":11715,"date":"2025-03-05T17:07:31","date_gmt":"2025-03-05T15:07:31","guid":{"rendered":"https:\/\/www.namibiaexperience.com\/what-to-do-in-namibia\/stargazing-tours-copy\/"},"modified":"2026-04-14T10:11:55","modified_gmt":"2026-04-14T08:11:55","slug":"fotoreisen","status":"publish","type":"page","link":"https:\/\/www.namibiaexperience.com\/de\/what-to-do-in-namibia\/photo-safari\/","title":{"rendered":"Fotoreisen"},"content":{"rendered":"<p>Begleite uns auf einer Foto-Safari durch Namibia und verbinde deine Leidenschaft f\u00fcr Reisen und Fotografie in einem der atemberaubendsten L\u00e4nder der Welt.<\/p>\n\n\n\n<p>Unsere Foto-Safaris sind private Erlebnisse, die ganz auf dich und deine fotografischen Ziele zugeschnitten sind. Du bestimmst die Route, die Reiseziele und die Unterk\u00fcnfte \u2013 wir k\u00fcmmern uns um den Rest.<\/p>\n\n\n\n<p>Damit du die Bilder einf\u00e4ngst, die du dir w\u00fcnschst, stellen wir dir einen erfahrenen Guide und ein speziell angepasstes Fahrzeug zur Seite.<\/p>\n\n\n\n<p>Ob Anf\u00e4nger oder Profi \u2013 Namibia bietet mit seiner beeindruckenden Tierwelt, spektakul\u00e4ren Landschaften und sternenklaren N\u00e4chten unz\u00e4hlige M\u00f6glichkeiten f\u00fcr unvergessliche Aufnahmen.<\/p>","protected":false},"excerpt":{"rendered":"<p>Join us on a Namibia photo tour and indulge your passion for travel and photography while exploring one of the most picturesque countries on Earth. Photo safaris are private experiences tailored to you and your photography goals. You can choose the route, destinations, and types of accommodation, and we will organise the details. We match [&hellip;]<\/p>\n","protected":false},"author":10,"featured_media":11972,"parent":36,"menu_order":31,"comment_status":"closed","ping_status":"closed","template":"page-templates\/what-to-do-single-page.php","meta":{"_acf_changed":false,"footnotes":""},"class_list":["post-11715","page","type-page","status-publish","has-post-thumbnail","hentry"],"acf":[],"_links":{"self":[{"href":"https:\/\/www.namibiaexperience.com\/de\/wp-json\/wp\/v2\/pages\/11715","targetHints":{"allow":["GET"]}}],"collection":[{"href":"https:\/\/www.namibiaexperience.com\/de\/wp-json\/wp\/v2\/pages"}],"about":[{"href":"https:\/\/www.namibiaexperience.com\/de\/wp-json\/wp\/v2\/types\/page"}],"author":[{"embeddable":true,"href":"https:\/\/www.namibiaexperience.com\/de\/wp-json\/wp\/v2\/users\/10"}],"replies":[{"embeddable":true,"href":"https:\/\/www.namibiaexperience.com\/de\/wp-json\/wp\/v2\/comments?post=11715"}],"version-history":[{"count":118,"href":"https:\/\/www.namibiaexperience.com\/de\/wp-json\/wp\/v2\/pages\/11715\/revisions"}],"predecessor-version":[{"id":13146,"href":"https:\/\/www.namibiaexperience.com\/de\/wp-json\/wp\/v2\/pages\/11715\/revisions\/13146"}],"up":[{"embeddable":true,"href":"https:\/\/www.namibiaexperience.com\/de\/wp-json\/wp\/v2\/pages\/36"}],"wp:featuredmedia":[{"embeddable":true,"href":"https:\/\/www.namibiaexperience.com\/de\/wp-json\/wp\/v2\/media\/11972"}],"wp:attachment":[{"href":"https:\/\/www.namibiaexperience.com\/de\/wp-json\/wp\/v2\/media?parent=11715"}],"curies":[{"name":"wp","href":"https:\/\/api.w.org\/{rel}","templated":true}]}}